{"id":25318,"date":"2021-06-23T11:32:35","date_gmt":"2021-06-23T11:32:35","guid":{"rendered":"https:\/\/cfpem-sst.com\/?page_id=25318"},"modified":"2021-06-23T11:32:36","modified_gmt":"2021-06-23T11:32:36","slug":"communique","status":"publish","type":"page","link":"https:\/\/cfpem-sst.com\/en\/communique\/","title":{"rendered":"Communiqu\u00e9"},"content":{"rendered":"<figure class=\"wp-block-image size-large\"><img fetchpriority=\"high\" decoding=\"async\" width=\"1024\" height=\"768\" src=\"https:\/\/cfpem-sst.com\/wp-content\/uploads\/2021\/06\/cfpemsst.jpeg\" alt=\"\" class=\"wp-image-25319\" srcset=\"https:\/\/cfpem-sst.com\/wp-content\/uploads\/2021\/06\/cfpemsst.jpeg 1024w, https:\/\/cfpem-sst.com\/wp-content\/uploads\/2021\/06\/cfpemsst-300x225.jpeg 300w, https:\/\/cfpem-sst.com\/wp-content\/uploads\/2021\/06\/cfpemsst-768x576.jpeg 768w\" sizes=\"(max-width: 1024px) 100vw, 1024px\" \/><\/figure>\n\n\n\n<p>Le Directeur G\u00e9n\u00e9ral du Centre de formation professionnelle d&rsquo;engins miniers et sant\u00e9 s\u00e9curit\u00e9 au Travail (CFPEM-SST), porte \u00e0 la connaissance de tous les \u00e9l\u00e8ves op\u00e9rateurs en conduite d&rsquo;EXCAVATEUR, de la programmation de la <strong>Phase Pratique de leur Formation<\/strong>.<\/p>\n\n\n\n<p>Ils sont invit\u00e9s a se pr\u00e9senter au si\u00e8ge sis a <strong>Cissin<\/strong>, <strong>le samedi 26 Juin 2021 \u00e0 10H00<\/strong> pour s&rsquo;impr\u00e9gner du programme de d\u00e9roulement.<\/p>\n\n\n\n<p>Par ailleurs, les inscriptions se poursuivent pour tout ceux qui d\u00e9sirent se faire former aux m\u00e9tiers miniers(conduite d&rsquo;engins miniers, sant\u00e9 s\u00e9curit\u00e9 au travail, M\u00e9canique engins, \u00c9lectricit\u00e9 Engins etc.)<\/p>\n\n\n\n<p>Pour tous renseignement contacter le CFPEM-SST au +226 25 65 00 06\/ 65 70 01 00\/ 70 66 99 23<\/p>\n\n\n\n<p><strong>Judica\u00ebl S ZIZIEN<br>Directeur G\u00e9n\u00e9ral<\/strong><\/p>","protected":false},"excerpt":{"rendered":"<p>Le Directeur G\u00e9n\u00e9ral du Centre de formation professionnelle d&rsquo;engins miniers et sant\u00e9 s\u00e9curit\u00e9 au Travail (CFPEM-SST), porte \u00e0 la connaissance de tous les \u00e9l\u00e8ves op\u00e9rateurs en conduite d&rsquo;EXCAVATEUR, de la programmation de la Phase Pratique de leur Formation. Ils sont invit\u00e9s a se pr\u00e9senter au si\u00e8ge sis a Cissin, le samedi 26 Juin 2021 \u00e0 [&hellip;]<\/p>","protected":false},"author":1,"featured_media":25227,"parent":0,"menu_order":0,"comment_status":"closed","ping_status":"closed","template":"","meta":{"ocean_post_layout":"","ocean_both_sidebars_style":"","ocean_both_sidebars_content_width":0,"ocean_both_sidebars_sidebars_width":0,"ocean_sidebar":"0","ocean_second_sidebar":"0","ocean_disable_margins":"enable","ocean_add_body_class":"","ocean_shortcode_before_top_bar":"","ocean_shortcode_after_top_bar":"","ocean_shortcode_before_header":"","ocean_shortcode_after_header":"","ocean_has_shortcode":"","ocean_shortcode_after_title":"","ocean_shortcode_before_footer_widgets":"","ocean_shortcode_after_footer_widgets":"","ocean_shortcode_before_footer_bottom":"","ocean_shortcode_after_footer_bottom":"","ocean_display_top_bar":"default","ocean_display_header":"default","ocean_header_style":"","ocean_center_header_left_menu":"0","ocean_custom_header_template":"0","ocean_custom_logo":0,"ocean_custom_retina_logo":0,"ocean_custom_logo_max_width":0,"ocean_custom_logo_tablet_max_width":0,"ocean_custom_logo_mobile_max_width":0,"ocean_custom_logo_max_height":0,"ocean_custom_logo_tablet_max_height":0,"ocean_custom_logo_mobile_max_height":0,"ocean_header_custom_menu":"0","ocean_menu_typo_font_family":"0","ocean_menu_typo_font_subset":"","ocean_menu_typo_font_size":0,"ocean_menu_typo_font_size_tablet":0,"ocean_menu_typo_font_size_mobile":0,"ocean_menu_typo_font_size_unit":"px","ocean_menu_typo_font_weight":"","ocean_menu_typo_font_weight_tablet":"","ocean_menu_typo_font_weight_mobile":"","ocean_menu_typo_transform":"","ocean_menu_typo_transform_tablet":"","ocean_menu_typo_transform_mobile":"","ocean_menu_typo_line_height":0,"ocean_menu_typo_line_height_tablet":0,"ocean_menu_typo_line_height_mobile":0,"ocean_menu_typo_line_height_unit":"","ocean_menu_typo_spacing":0,"ocean_menu_typo_spacing_tablet":0,"ocean_menu_typo_spacing_mobile":0,"ocean_menu_typo_spacing_unit":"","ocean_menu_link_color":"","ocean_menu_link_color_hover":"","ocean_menu_link_color_active":"","ocean_menu_link_background":"","ocean_menu_link_hover_background":"","ocean_menu_link_active_background":"","ocean_menu_social_links_bg":"","ocean_menu_social_hover_links_bg":"","ocean_menu_social_links_color":"","ocean_menu_social_hover_links_color":"","ocean_disable_title":"default","ocean_disable_heading":"default","ocean_post_title":"","ocean_post_subheading":"","ocean_post_title_style":"","ocean_post_title_background_color":"","ocean_post_title_background":0,"ocean_post_title_bg_image_position":"","ocean_post_title_bg_image_attachment":"","ocean_post_title_bg_image_repeat":"","ocean_post_title_bg_image_size":"","ocean_post_title_height":0,"ocean_post_title_bg_overlay":0.5,"ocean_post_title_bg_overlay_color":"","ocean_disable_breadcrumbs":"default","ocean_breadcrumbs_color":"","ocean_breadcrumbs_separator_color":"","ocean_breadcrumbs_links_color":"","ocean_breadcrumbs_links_hover_color":"","ocean_display_footer_widgets":"default","ocean_display_footer_bottom":"default","ocean_custom_footer_template":"0","footnotes":""},"class_list":["post-25318","page","type-page","status-publish","has-post-thumbnail","hentry","entry","has-media"],"_links":{"self":[{"href":"https:\/\/cfpem-sst.com\/en\/wp-json\/wp\/v2\/pages\/25318","targetHints":{"allow":["GET"]}}],"collection":[{"href":"https:\/\/cfpem-sst.com\/en\/wp-json\/wp\/v2\/pages"}],"about":[{"href":"https:\/\/cfpem-sst.com\/en\/wp-json\/wp\/v2\/types\/page"}],"author":[{"embeddable":true,"href":"https:\/\/cfpem-sst.com\/en\/wp-json\/wp\/v2\/users\/1"}],"replies":[{"embeddable":true,"href":"https:\/\/cfpem-sst.com\/en\/wp-json\/wp\/v2\/comments?post=25318"}],"version-history":[{"count":1,"href":"https:\/\/cfpem-sst.com\/en\/wp-json\/wp\/v2\/pages\/25318\/revisions"}],"predecessor-version":[{"id":25320,"href":"https:\/\/cfpem-sst.com\/en\/wp-json\/wp\/v2\/pages\/25318\/revisions\/25320"}],"wp:featuredmedia":[{"embeddable":true,"href":"https:\/\/cfpem-sst.com\/en\/wp-json\/wp\/v2\/media\/25227"}],"wp:attachment":[{"href":"https:\/\/cfpem-sst.com\/en\/wp-json\/wp\/v2\/media?parent=25318"}],"curies":[{"name":"wp","href":"https:\/\/api.w.org\/{rel}","templated":true}]}}